{"id":148,"date":"2018-10-05T12:28:59","date_gmt":"2018-10-05T09:28:59","guid":{"rendered":"http:\/\/deltagalvano.com.tr\/?page_id=148"},"modified":"2020-12-17T14:10:35","modified_gmt":"2020-12-17T11:10:35","slug":"elektroforetik-lak","status":"publish","type":"page","link":"https:\/\/deltagalvano.com.tr\/index.php\/elektroforetik-lak\/","title":{"rendered":"Elektroforetik Lak"},"content":{"rendered":"<p><div class=\"fusion-fullwidth fullwidth-box fusion-builder-row-1 nonhundred-percent-fullwidth non-hundred-percent-height-scrolling\" style=\"--awb-border-radius-top-left:0px;--awb-border-radius-top-right:0px;--awb-border-radius-bottom-right:0px;--awb-border-radius-bottom-left:0px;--awb-flex-wrap:wrap;\" ><div class=\"fusion-builder-row fusion-row\"><div class=\"fusion-layout-column fusion_builder_column fusion-builder-column-0 fusion_builder_column_1_1 1_1 fusion-one-full fusion-column-first fusion-column-last\" style=\"--awb-bg-size:cover;\"><div class=\"fusion-column-wrapper fusion-flex-column-wrapper-legacy\"><div class=\"fusion-title title fusion-title-1 fusion-sep-none fusion-title-center fusion-title-text fusion-title-size-one\" style=\"--awb-text-color:#00386d;--awb-sep-color:#00386d;--awb-font-size:50px;\"><h1 class=\"fusion-title-heading title-heading-center\" style=\"margin:0;font-size:1em;line-height:55px;\">End\u00fcstri i\u00e7in d\u00fc\u015f\u00fcn\u00fclecek daha iyi bir yol!..<\/h1><\/div><div class=\"fusion-title title fusion-title-2 fusion-sep-none fusion-title-center fusion-title-text fusion-title-size-one\" style=\"--awb-text-color:#204055;--awb-sep-color:#00386d;--awb-font-size:25px;\"><h1 class=\"fusion-title-heading title-heading-center\" style=\"margin:0;font-size:1em;line-height:28px;\">Proseslerimiz her t\u00fcrl\u00fc metal \u00fczerine uygulanabilecek dekoratif ve koruyucu kaplamalar olu\u015fturur veya kaplama, anodizing, boyama, vernikleme ve toz kaplama konular\u0131nda alternatif geli\u015ftirir.<\/h1><\/div><div class=\"fusion-builder-row fusion-builder-row-inner fusion-row\"><div class=\"fusion-layout-column fusion_builder_column_inner fusion-builder-nested-column-0 fusion_builder_column_inner_1_6 1_6 fusion-one-sixth fusion-column-first\" style=\"--awb-bg-size:cover;width:16.666666666667%;width:calc(16.666666666667% - ( ( 4% + 4% ) * 0.16666666666667 ) );margin-right: 4%;\"><div class=\"fusion-column-wrapper fusion-flex-column-wrapper-legacy\"><div class=\"fusion-clearfix\"><\/div><\/div><\/div><div class=\"fusion-layout-column fusion_builder_column_inner fusion-builder-nested-column-1 fusion_builder_column_inner_1_3 1_3 fusion-one-third fusion-animated\" style=\"--awb-bg-size:cover;--awb-margin-top:25px;width:33.333333333333%;width:calc(33.333333333333% - ( ( 4% + 4% ) * 0.33333333333333 ) );margin-right: 4%;\" data-animationType=\"fadeInDown\" data-animationDuration=\"0.3\" data-animationOffset=\"top-into-view\"><div class=\"fusion-column-wrapper fusion-flex-column-wrapper-legacy\"><div class=\"fusion-title title fusion-title-3 fusion-sep-none fusion-title-text fusion-title-size-one\" style=\"--awb-text-color:#4f4f4f;\"><h1 class=\"fusion-title-heading title-heading-left\" style=\"margin:0;line-height:36px;\">\u00d6ZELL\u0130KLER\u0130;<\/h1><\/div><div class=\"fusion-text fusion-text-1\"><ul>\n<li>\u00c7evreye dost, k\u00fc\u00e7\u00fck toksit madde<\/li>\n<li>D\u00fc\u015f\u00fck voltaj \u00e7al\u0131\u015fan su bazl\u0131 proses<\/li>\n<li>Uzun \u00f6m\u00fcrl\u00fc kaplamalar<\/li>\n<li>Muhte\u015fem g\u00f6r\u00fcn\u00fcm ve da\u011f\u0131l\u0131m<\/li>\n<li>Sabit proses zamanlar\u0131<\/li>\n<li>K\u00fc\u00e7\u00fck tesisten y\u00fcksek miktarda \u00fcretim kapasitesi<\/li>\n<li>Sabit proses<\/li>\n<li>Katodik proses<\/li>\n<li>Yeni dizayn ve etkiler i\u00e7in g\u00fczel renkler<\/li>\n<li>Su bazl\u0131 teknoloji<\/li>\n<\/ul>\n<\/div><div class=\"fusion-clearfix\"><\/div><\/div><\/div><div class=\"fusion-layout-column fusion_builder_column_inner fusion-builder-nested-column-2 fusion_builder_column_inner_1_2 1_2 fusion-one-half fusion-column-last fusion-animated\" style=\"--awb-bg-size:cover;--awb-margin-top:25px;width:50%;width:calc(50% - ( ( 4% + 4% ) * 0.5 ) );\" data-animationType=\"fadeInDown\" data-animationDuration=\"0.3\" data-animationOffset=\"top-into-view\"><div class=\"fusion-column-wrapper fusion-flex-column-wrapper-legacy\"><div class=\"fusion-title title fusion-title-4 fusion-sep-none fusion-title-text fusion-title-size-one\" style=\"--awb-text-color:#4f4f4f;\"><h1 class=\"fusion-title-heading title-heading-left\" style=\"margin:0;line-height:36px;\">FAYDALARI;<\/h1><\/div><div class=\"fusion-text fusion-text-2\"><ul>\n<li>Zehirsiz<\/li>\n<li>G\u00fcvenli kullan\u0131m, yang\u0131n riski yok<\/li>\n<li>Su veya hava ak\u0131ml\u0131 i\u015fletim sistemi gerektirmez<\/li>\n<li>D\u00fc\u015f\u00fck kurulum maliyeti<\/li>\n<li>Uygun olmayan ko\u015fullarda bile d\u0131\u015far\u0131da kullan\u0131m i\u00e7in m\u00fcsaittir<\/li>\n<li>Akma, damlama, g\u00f6zeneklenme yok<\/li>\n<li>Enerji tasarrufu<\/li>\n<li>Az fabrika alan\u0131 i\u015fgal eder<\/li>\n<li>Kontroll\u00fc ve kullan\u0131m\u0131 kolay<\/li>\n<li>Uzun \u00f6m\u00fcrl\u00fc<\/li>\n<li>Her t\u00fcrl\u00fc iletken ana malzeme kaplanabilir<\/li>\n<li>Alt\u0131n, pirin\u00e7 ve di\u011fer pahal\u0131 kaplamalar\u0131n yerine kullan\u0131labilir<\/li>\n<li>D\u00fc\u015f\u00fck solvent seviyesi<\/li>\n<\/ul>\n<\/div><div class=\"fusion-clearfix\"><\/div><\/div><\/div><\/div><div class=\"fusion-clearfix\"><\/div><\/div><\/div><\/div><\/div><div class=\"fusion-fullwidth fullwidth-box fusion-builder-row-2 nonhundred-percent-fullwidth non-hundred-percent-height-scrolling\" style=\"--awb-border-radius-top-left:0px;--awb-border-radius-top-right:0px;--awb-border-radius-bottom-right:0px;--awb-border-radius-bottom-left:0px;--awb-flex-wrap:wrap;\" ><div class=\"fusion-builder-row fusion-row\"><div class=\"fusion-layout-column fusion_builder_column fusion-builder-column-1 fusion_builder_column_1_1 1_1 fusion-one-full fusion-column-first fusion-column-last\" style=\"--awb-bg-size:cover;\"><div class=\"fusion-column-wrapper fusion-flex-column-wrapper-legacy\"><div class=\"fusion-title title fusion-title-5 fusion-title-center fusion-title-text fusion-title-size-one\" style=\"--awb-text-color:#00386d;--awb-sep-color:#00386d;--awb-font-size:36px;\"><div class=\"title-sep-container title-sep-container-left\"><div class=\"title-sep sep-single sep-dashed\" style=\"border-color:#00386d;\"><\/div><\/div><span class=\"awb-title-spacer\"><\/span><h1 class=\"fusion-title-heading title-heading-center\" style=\"margin:0;font-size:1em;line-height:40px;\">\u00dcR\u00dcNLER<\/h1><span class=\"awb-title-spacer\"><\/span><div class=\"title-sep-container title-sep-container-right\"><div class=\"title-sep sep-single sep-dashed\" style=\"border-color:#00386d;\"><\/div><\/div><\/div><div class=\"fusion-builder-row fusion-builder-row-inner fusion-row\"><div class=\"fusion-layout-column fusion_builder_column_inner fusion-builder-nested-column-3 fusion_builder_column_inner_1_5 1_5 fusion-one-fifth fusion-column-first\" style=\"--awb-bg-size:cover;width:20%;width:calc(20% - ( ( 4% + 4% + 4% + 4% ) * 0.2 ) );margin-right: 4%;\"><div class=\"fusion-column-wrapper fusion-flex-column-wrapper-legacy\"><div class=\"fusion-content-boxes content-boxes columns row fusion-columns-1 fusion-columns-total-1 fusion-content-boxes-1 content-boxes-icon-with-title content-left\" style=\"--awb-title-color:#00386d;--awb-hover-accent-color:#67b7e1;--awb-circle-hover-accent-color:#67b7e1;--awb-item-margin-bottom:40px;\" data-animationOffset=\"top-into-view\"><div style=\"--awb-backgroundcolor:transparent;\" class=\"fusion-column content-box-column content-box-column content-box-column-1 col-lg-12 col-md-12 col-sm-12 fusion-content-box-hover content-box-column-last content-box-column-last-in-row\"><div class=\"col content-box-wrapper content-wrapper link-area-link-icon link-type-text icon-hover-animation-pulsate fusion-animated\" data-animationType=\"fadeInDown\" data-animationDuration=\"0.3\" data-animationOffset=\"top-into-view\"><div class=\"heading heading-with-icon icon-left\"><a class=\"heading-link\" style=\"float:left;\" href=\"mailto:info@deltagalvano.com.tr\" target=\"_self\"><div class=\"icon\"><i style=\"border-color:#333333;border-width:1px;background-color:#00386d;box-sizing:content-box;height:36px;width:36px;line-height:36px;border-radius:50%;font-size:18px;\" aria-hidden=\"true\" class=\"fontawesome-icon fa-bong fas circle-yes\"><\/i><\/div><h1 class=\"content-box-heading\" style=\"--h1_typography-font-size:18px;line-height:23px;\">LacKote LC<\/h1><\/a><\/div><div class=\"fusion-clearfix\"><\/div><div class=\"content-container\">\n<p style=\"text-align: left;\">105<sup>0<\/sup> C gibi d\u00fc\u015f\u00fck s\u0131cakl\u0131klarda bile 300 D\/R aseton testine dayanabilen e\u015fsiz bir \u00fcr\u00fcn. Die-cast kaplama yapanlar\u0131n dualar\u0131 kabul oldu.<\/p>\n<\/div><div class=\"fusion-clearfix\"><\/div><a class=\" fusion-read-more\" style=\"float:left;\" href=\"mailto:info@deltagalvano.com.tr\" target=\"_self\">Detayl\u0131 Bilgi ve Prospekt\u00fcs<\/a><div class=\"fusion-clearfix\"><\/div><\/div><\/div><div class=\"fusion-clearfix\"><\/div><\/div><div class=\"fusion-clearfix\"><\/div><\/div><\/div><div class=\"fusion-layout-column fusion_builder_column_inner fusion-builder-nested-column-4 fusion_builder_column_inner_1_5 1_5 fusion-one-fifth\" style=\"--awb-bg-size:cover;width:20%;width:calc(20% - ( ( 4% + 4% + 4% + 4% ) * 0.2 ) );margin-right: 4%;\"><div class=\"fusion-column-wrapper fusion-flex-column-wrapper-legacy\"><div class=\"fusion-content-boxes content-boxes columns row fusion-columns-1 fusion-columns-total-1 fusion-content-boxes-2 content-boxes-icon-with-title content-left\" style=\"--awb-title-color:#00386d;--awb-hover-accent-color:#67b7e1;--awb-circle-hover-accent-color:#67b7e1;--awb-item-margin-bottom:40px;\" data-animationOffset=\"top-into-view\"><div style=\"--awb-backgroundcolor:transparent;\" class=\"fusion-column content-box-column content-box-column content-box-column-1 col-lg-12 col-md-12 col-sm-12 fusion-content-box-hover content-box-column-last content-box-column-last-in-row\"><div class=\"col content-box-wrapper content-wrapper link-area-link-icon link-type-text icon-hover-animation-pulsate fusion-animated\" data-animationType=\"fadeInDown\" data-animationDuration=\"0.3\" data-animationOffset=\"top-into-view\"><div class=\"heading heading-with-icon icon-left\"><a class=\"heading-link\" style=\"float:left;\" href=\"mailto:info@deltagalvano.com.tr\" target=\"_self\"><div class=\"icon\"><i style=\"border-color:#333333;border-width:1px;background-color:#00386d;box-sizing:content-box;height:36px;width:36px;line-height:36px;border-radius:50%;font-size:18px;\" aria-hidden=\"true\" class=\"fontawesome-icon fa-bong fas circle-yes\"><\/i><\/div><h1 class=\"content-box-heading\" style=\"--h1_typography-font-size:18px;line-height:23px;\">LacKote Ultra<\/h1><\/a><\/div><div class=\"fusion-clearfix\"><\/div><div class=\"content-container\">\n<p style=\"text-align: left;\">S\u00fcper dayan\u0131kl\u0131 ve geni\u015f bir metal \u00e7e\u015fitlili\u011finde m\u00fckemmel renk ve kal\u0131c\u0131l\u0131k sa\u011flanabilecek d\u0131\u015f mimari uygulamalar.<\/p>\n<\/div><div class=\"fusion-clearfix\"><\/div><a class=\" fusion-read-more\" style=\"float:left;\" href=\"mailto:info@deltagalvano.com.tr\" target=\"_self\">Detayl\u0131 Bilgi ve Prospekt\u00fcs<\/a><div class=\"fusion-clearfix\"><\/div><\/div><\/div><div class=\"fusion-clearfix\"><\/div><\/div><div class=\"fusion-clearfix\"><\/div><\/div><\/div><div class=\"fusion-layout-column fusion_builder_column_inner fusion-builder-nested-column-5 fusion_builder_column_inner_1_5 1_5 fusion-one-fifth\" style=\"--awb-bg-size:cover;width:20%;width:calc(20% - ( ( 4% + 4% + 4% + 4% ) * 0.2 ) );margin-right: 4%;\"><div class=\"fusion-column-wrapper fusion-flex-column-wrapper-legacy\"><div class=\"fusion-content-boxes content-boxes columns row fusion-columns-1 fusion-columns-total-1 fusion-content-boxes-3 content-boxes-icon-with-title content-left\" style=\"--awb-title-color:#00386d;--awb-hover-accent-color:#67b7e1;--awb-circle-hover-accent-color:#67b7e1;--awb-item-margin-bottom:40px;\" data-animationOffset=\"top-into-view\"><div style=\"--awb-backgroundcolor:transparent;\" class=\"fusion-column content-box-column content-box-column content-box-column-1 col-lg-12 col-md-12 col-sm-12 fusion-content-box-hover content-box-column-last content-box-column-last-in-row\"><div class=\"col content-box-wrapper content-wrapper link-area-link-icon link-type-text icon-hover-animation-pulsate fusion-animated\" data-animationType=\"fadeInDown\" data-animationDuration=\"0.3\" data-animationOffset=\"top-into-view\"><div class=\"heading heading-with-icon icon-left\"><a class=\"heading-link\" style=\"float:left;\" href=\"mailto:info@deltagalvano.com.tr\" target=\"_blank\" rel=\"noopener noreferrer\"><div class=\"icon\"><i style=\"border-color:#333333;border-width:1px;background-color:#00386d;box-sizing:content-box;height:36px;width:36px;line-height:36px;border-radius:50%;font-size:18px;\" aria-hidden=\"true\" class=\"fontawesome-icon fa-bong fas circle-yes\"><\/i><\/div><h1 class=\"content-box-heading\" style=\"--h1_typography-font-size:18px;line-height:23px;\">Bijouterie Lacquer<\/h1><\/a><\/div><div class=\"fusion-clearfix\"><\/div><div class=\"content-container\">\n<p style=\"text-align: left;\">Bijuteri kaplamalar\u0131n\u0131z i\u00e7in \u015feffaf yada istedi\u011finiz her renkte g\u00f6z al\u0131c\u0131 kaplamalar.<\/p>\n<\/div><div class=\"fusion-clearfix\"><\/div><a class=\" fusion-read-more\" style=\"float:left;\" href=\"mailto:info@deltagalvano.com.tr\" target=\"_blank\" rel=\"noopener noreferrer\">Detayl\u0131 Bilgi ve Prospekt\u00fcs<\/a><div class=\"fusion-clearfix\"><\/div><\/div><\/div><div class=\"fusion-clearfix\"><\/div><\/div><div class=\"fusion-clearfix\"><\/div><\/div><\/div><div class=\"fusion-layout-column fusion_builder_column_inner fusion-builder-nested-column-6 fusion_builder_column_inner_1_5 1_5 fusion-one-fifth\" style=\"--awb-bg-size:cover;width:20%;width:calc(20% - ( ( 4% + 4% + 4% + 4% ) * 0.2 ) );margin-right: 4%;\"><div class=\"fusion-column-wrapper fusion-flex-column-wrapper-legacy\"><div class=\"fusion-content-boxes content-boxes columns row fusion-columns-1 fusion-columns-total-1 fusion-content-boxes-4 content-boxes-icon-with-title content-left\" style=\"--awb-title-color:#00386d;--awb-hover-accent-color:#67b7e1;--awb-circle-hover-accent-color:#67b7e1;--awb-item-margin-bottom:40px;\" data-animationOffset=\"top-into-view\"><div style=\"--awb-backgroundcolor:transparent;\" class=\"fusion-column content-box-column content-box-column content-box-column-1 col-lg-12 col-md-12 col-sm-12 fusion-content-box-hover content-box-column-last content-box-column-last-in-row\"><div class=\"col content-box-wrapper content-wrapper link-area-link-icon link-type-text icon-hover-animation-pulsate fusion-animated\" data-animationType=\"fadeInDown\" data-animationDuration=\"0.3\" data-animationOffset=\"top-into-view\"><div class=\"heading heading-with-icon icon-left\"><a class=\"heading-link\" style=\"float:left;\" href=\"mailto:info@deltagalvano.com.tr\" target=\"_blank\" rel=\"noopener noreferrer\"><div class=\"icon\"><i style=\"border-color:#333333;border-width:1px;background-color:#00386d;box-sizing:content-box;height:36px;width:36px;line-height:36px;border-radius:50%;font-size:18px;\" aria-hidden=\"true\" class=\"fontawesome-icon fa-bong fas circle-yes\"><\/i><\/div><h1 class=\"content-box-heading\" style=\"--h1_typography-font-size:18px;line-height:23px;\">DeltaMatt<\/h1><\/a><\/div><div class=\"fusion-clearfix\"><\/div><div class=\"content-container\">\n<p>Mat sonu\u00e7lar i\u00e7in \u00e7\u00f6kme yapmayan global kullan\u0131m ama\u00e7l\u0131 katk\u0131 maddesi. \u00c7izilmelere kar\u015f\u0131 y\u00fcksek diren\u00e7.\u00a0 Anodik sistemlere Unimat A. Katodik sistemlere Unimat B.<\/p>\n<\/div><div class=\"fusion-clearfix\"><\/div><a class=\" fusion-read-more\" style=\"float:left;\" href=\"mailto:info@deltagalvano.com.tr\" target=\"_blank\" rel=\"noopener noreferrer\">Detayl\u0131 Bilgi ve Prospekt\u00fcs<\/a><div class=\"fusion-clearfix\"><\/div><\/div><\/div><div class=\"fusion-clearfix\"><\/div><\/div><div class=\"fusion-clearfix\"><\/div><\/div><\/div><div class=\"fusion-layout-column fusion_builder_column_inner fusion-builder-nested-column-7 fusion_builder_column_inner_1_5 1_5 fusion-one-fifth fusion-column-last\" style=\"--awb-bg-size:cover;width:20%;width:calc(20% - ( ( 4% + 4% + 4% + 4% ) * 0.2 ) );\"><div class=\"fusion-column-wrapper fusion-flex-column-wrapper-legacy\"><div class=\"fusion-content-boxes content-boxes columns row fusion-columns-1 fusion-columns-total-1 fusion-content-boxes-5 content-boxes-icon-with-title content-left\" style=\"--awb-title-color:#00386d;--awb-hover-accent-color:#67b7e1;--awb-circle-hover-accent-color:#67b7e1;--awb-item-margin-bottom:40px;\" data-animationOffset=\"top-into-view\"><div style=\"--awb-backgroundcolor:transparent;\" class=\"fusion-column content-box-column content-box-column content-box-column-1 col-lg-12 col-md-12 col-sm-12 fusion-content-box-hover content-box-column-last content-box-column-last-in-row\"><div class=\"col content-box-wrapper content-wrapper link-area-link-icon link-type-text icon-hover-animation-pulsate fusion-animated\" data-animationType=\"fadeInDown\" data-animationDuration=\"0.3\" data-animationOffset=\"top-into-view\"><div class=\"heading heading-with-icon icon-left\"><a class=\"heading-link\" style=\"float:left;\" href=\"mailto:info@deltagalvano.com.tr\" target=\"_blank\" rel=\"noopener noreferrer\"><div class=\"icon\"><i style=\"border-color:#333333;border-width:1px;background-color:#00386d;box-sizing:content-box;height:36px;width:36px;line-height:36px;border-radius:50%;font-size:18px;\" aria-hidden=\"true\" class=\"fontawesome-icon fa-bong fas circle-yes\"><\/i><\/div><h1 class=\"content-box-heading\" style=\"--h1_typography-font-size:18px;line-height:23px;\">LacKote DT<\/h1><\/a><\/div><div class=\"fusion-clearfix\"><\/div><div class=\"content-container\">\n<p>Yeni \u00dcr\u00fcn<\/p>\n<\/div><div class=\"fusion-clearfix\"><\/div><a class=\" fusion-read-more\" style=\"float:left;\" href=\"mailto:info@deltagalvano.com.tr\" target=\"_blank\" rel=\"noopener noreferrer\">Detayl\u0131 Bilgi ve Prospekt\u00fcs<\/a><div class=\"fusion-clearfix\"><\/div><\/div><\/div><div class=\"fusion-clearfix\"><\/div><\/div><div class=\"fusion-clearfix\"><\/div><\/div><\/div><\/div><div class=\"fusion-clearfix\"><\/div><\/div><\/div><\/div><\/div><div class=\"fusion-fullwidth fullwidth-box fusion-builder-row-3 nonhundred-percent-fullwidth non-hundred-percent-height-scrolling\" style=\"--awb-border-radius-top-left:0px;--awb-border-radius-top-right:0px;--awb-border-radius-bottom-right:0px;--awb-border-radius-bottom-left:0px;--awb-flex-wrap:wrap;\" ><div class=\"fusion-builder-row fusion-row\"><div class=\"fusion-layout-column fusion_builder_column fusion-builder-column-2 fusion_builder_column_1_1 1_1 fusion-one-full fusion-column-first fusion-column-last\" style=\"--awb-bg-size:cover;\"><div class=\"fusion-column-wrapper fusion-flex-column-wrapper-legacy\"><div class=\"fusion-title title fusion-title-6 fusion-title-center fusion-title-text fusion-title-size-one\" style=\"--awb-text-color:#00386d;--awb-sep-color:#00386d;--awb-font-size:36px;\"><div class=\"title-sep-container title-sep-container-left\"><div class=\"title-sep sep-single sep-dashed\" style=\"border-color:#00386d;\"><\/div><\/div><span class=\"awb-title-spacer\"><\/span><h1 class=\"fusion-title-heading title-heading-center\" style=\"margin:0;font-size:1em;line-height:40px;\">ELEKTROFORET\u0130K LAK TEST PERFORMANSI<\/h1><span class=\"awb-title-spacer\"><\/span><div class=\"title-sep-container title-sep-container-right\"><div class=\"title-sep sep-single sep-dashed\" style=\"border-color:#00386d;\"><\/div><\/div><\/div>\n<div class=\"table-1\">\n<table width=\"100%\">\n<thead>\n<tr>\n<th style=\"text-align: center;\" align=\"left\">TEST<\/th>\n<th style=\"text-align: center;\" align=\"left\">KO\u015eULLAR<\/th>\n<th style=\"text-align: center;\" align=\"left\">SONU\u00c7<\/th>\n<\/tr>\n<\/thead>\n<tbody>\n<tr>\n<td align=\"left\">Kalem Sertli\u011fi (1)<\/td>\n<td align=\"left\">\u00c7\u00f6zeltiye ve f\u0131r\u0131nlamaya ba\u011fl\u0131 olarak<\/td>\n<td align=\"left\">4-6 H<\/td>\n<\/tr>\n<\/tbody>\n<tbody>\n<tr>\n<td align=\"left\">Yap\u0131\u015fma<br \/>\n(Ha\u00e7 bi\u00e7iminde \u00e7izerek)<\/td>\n<td align=\"left\">1.0 mm alanda + \u015feklinde \u00e7izik<\/td>\n<td align=\"left\">BS 3900 E61974<br \/>\nnormlar\u0131na Uygun 0 Oran<\/td>\n<\/tr>\n<\/tbody>\n<tbody>\n<tr>\n<td align=\"left\">Korozyon Dayan\u0131m\u0131 (**)<\/td>\n<td align=\"left\">D\u00f6v\u00fclm\u00fc\u015f pirin\u00e7<br \/>\nD\u00f6v\u00fclm\u00fc\u015f pirin\u00e7, pasivasyonlu<br \/>\nD\u00f6kme pirin\u00e7, pasivasyonlu<br \/>\n\u00c7inko zamak<br \/>\nYumu\u015fak \u00e7elik<br \/>\nD\u00f6kme al\u00fcminyum<\/td>\n<td align=\"left\">370-500 saat<br \/>\n350-1000 saat<br \/>\n200 saatten fazla<br \/>\nDirek 260-Pasivasyonlu 550 saat<br \/>\n300 saat<br \/>\n\u00c7elik tipine g\u00f6re 300-2000 saat<br \/>\n2000 saatten fazla<\/td>\n<\/tr>\n<\/tbody>\n<tbody>\n<tr>\n<td align=\"left\">Asit dayan\u0131m\u0131<\/td>\n<td align=\"left\">%5 H<sub style=\"font-family: inherit;\">2<\/sub><span style=\"font-family: inherit; font-size: inherit;\">SO<\/span><sub style=\"font-family: inherit;\">4<\/sub><span style=\"font-family: inherit; font-size: inherit;\">\u00a0 20<\/span><sup style=\"font-family: inherit;\">0<\/sup><span style=\"font-family: inherit; font-size: inherit;\"><span style=\"font-family: inherit; font-size: inherit;\">C<br \/>\n<\/span><\/span>%1 H<sub style=\"font-family: inherit;\">2<\/sub><span style=\"font-family: inherit; font-size: inherit;\">SO<\/span><sub style=\"font-family: inherit;\">4<\/sub><span style=\"font-family: inherit; font-size: inherit;\">\u00a0 20<\/span><sup style=\"font-family: inherit;\">0<\/sup><span style=\"font-family: inherit; font-size: inherit;\">C<\/span><\/td>\n<td align=\"left\">\u00a0380 saatten fazla<br \/>\n480 saatten fazla<\/td>\n<\/tr>\n<\/tbody>\n<tbody>\n<tr>\n<td align=\"left\">\u00a0Alkaline dayan\u0131m\u0131<\/td>\n<td align=\"left\">%5 NaOH\u00a0\u00a0<span style=\"font-family: inherit; font-size: inherit;\">20<\/span><sup style=\"font-family: inherit;\">0<\/sup><span style=\"font-family: inherit; font-size: inherit;\">C<\/span><br \/>\n%1 NaOH\u00a0\u00a0<span style=\"font-family: inherit; font-size: inherit;\">20<\/span><sup style=\"font-family: inherit;\">0<\/sup><span style=\"font-family: inherit; font-size: inherit;\">C<\/span><\/td>\n<td align=\"left\">\u00a0300 saati ge\u00e7ti<br \/>\n480 saati ge\u00e7ti<\/td>\n<\/tr>\n<\/tbody>\n<tbody>\n<tr>\n<td align=\"left\">\u00a0Solvent dayan\u0131m\u0131 (5)<\/td>\n<td align=\"left\">Aseton testi<\/td>\n<td align=\"left\">\u00a0Tipine ve f\u0131r\u0131nlamaya ba\u011fl\u0131 olarak de\u011fi\u015fen,<br \/>\n200 ile 2000 \u00e7ift s\u00fcrme<\/td>\n<\/tr>\n<\/tbody>\n<tbody>\n<tr>\n<td align=\"left\">\u00a0UV \u0131\u015f\u0131n testi (2)<\/td>\n<td align=\"left\">Renkli veya transparan g\u00f6r\u00fcn\u00fcm<\/td>\n<td align=\"left\">\u00a0500 saat sonunda g\u00f6r\u00fclebilen de\u011fi\u015fim yok<\/td>\n<\/tr>\n<\/tbody>\n<tbody>\n<tr>\n<td align=\"left\">\u00a0A\u015f\u0131nma dayan\u0131m\u0131<br \/>\nASTM 968-51<br \/>\nKum testi<\/td>\n<td align=\"left\">Techniclad S.Harp<br \/>\nDald\u0131rma vernik<br \/>\nSprey vernik<br \/>\nPorselen emaye<br \/>\nAkrilik<br \/>\nSilikon polyester<br \/>\nAkrilik film laminant<br \/>\nFloracarbon film laminant<\/td>\n<td align=\"left\">\u00a030<br \/>\n2 &#8211; 5<br \/>\n2 &#8211; 5<br \/>\n5.3<br \/>\n18 &#8211; 21<br \/>\n20<br \/>\n21.5<br \/>\n46<\/td>\n<\/tr>\n<\/tbody>\n<tbody>\n<tr>\n<td align=\"left\">\u00a0\u00c7arpma dayan\u0131m\u0131 testi<\/td>\n<td align=\"left\">200g x 2m \u00e7elik top<\/td>\n<td align=\"left\">Ba\u015far\u0131l\u0131 hasars\u0131z<\/td>\n<\/tr>\n<\/tbody>\n<tbody>\n<tr>\n<td align=\"left\">E\u011friltme testi<\/td>\n<td align=\"left\">\u00c7elik bar \u00fczerinde 180 derece e\u011friltme<\/td>\n<td align=\"left\">5mm \u00e7ap\u0131nda, ba\u015far\u0131l\u0131<\/td>\n<\/tr>\n<\/tbody>\n<tbody>\n<tr>\n<td align=\"left\">ANSI terleme testi<\/td>\n<td align=\"left\">Techniclad S. harp<\/td>\n<td align=\"left\">Ge\u00e7ti<\/td>\n<\/tr>\n<\/tbody>\n<\/table>\n<\/div>\n<div class=\"fusion-text fusion-text-3\"><p>(**) Pasivasyon ve fosfatlama \u00f6n i\u015flemler olarak uyguland\u0131\u011f\u0131nda test performans\u0131 artm\u0131\u015ft\u0131r.<\/p>\n<\/div><div class=\"fusion-clearfix\"><\/div><\/div><\/div><\/div><\/div><\/p>\n","protected":false},"excerpt":{"rendered":"","protected":false},"author":1,"featured_media":0,"parent":0,"menu_order":0,"comment_status":"closed","ping_status":"closed","template":"","meta":{"footnotes":""},"class_list":["post-148","page","type-page","status-publish","hentry"],"_links":{"self":[{"href":"https:\/\/deltagalvano.com.tr\/index.php\/wp-json\/wp\/v2\/pages\/148","targetHints":{"allow":["GET"]}}],"collection":[{"href":"https:\/\/deltagalvano.com.tr\/index.php\/wp-json\/wp\/v2\/pages"}],"about":[{"href":"https:\/\/deltagalvano.com.tr\/index.php\/wp-json\/wp\/v2\/types\/page"}],"author":[{"embeddable":true,"href":"https:\/\/deltagalvano.com.tr\/index.php\/wp-json\/wp\/v2\/users\/1"}],"replies":[{"embeddable":true,"href":"https:\/\/deltagalvano.com.tr\/index.php\/wp-json\/wp\/v2\/comments?post=148"}],"version-history":[{"count":65,"href":"https:\/\/deltagalvano.com.tr\/index.php\/wp-json\/wp\/v2\/pages\/148\/revisions"}],"predecessor-version":[{"id":303,"href":"https:\/\/deltagalvano.com.tr\/index.php\/wp-json\/wp\/v2\/pages\/148\/revisions\/303"}],"wp:attachment":[{"href":"https:\/\/deltagalvano.com.tr\/index.php\/wp-json\/wp\/v2\/media?parent=148"}],"curies":[{"name":"wp","href":"https:\/\/api.w.org\/{rel}","templated":true}]}}